{"id":218,"date":"2025-10-05T16:49:20","date_gmt":"2025-10-05T14:49:20","guid":{"rendered":"https:\/\/projektkontoret.se\/?page_id=218"},"modified":"2025-10-21T18:47:54","modified_gmt":"2025-10-21T16:47:54","slug":"pmo-din-roll","status":"publish","type":"page","link":"https:\/\/projektkontoret.se\/sv\/start\/pmo-din-roll\/","title":{"rendered":"PMO f\u00f6r din roll"},"content":{"rendered":"<p>T<strong>ill\u00e4mpning av projektkontor (Project Management Office, PMO)<\/strong>, anpassad f\u00f6r olika roller i den egna organisationen.<\/p>\n<h2 style=\"font-weight: 400;\"><strong>Projektkontorets roll i styrning och utveckling<\/strong><\/h2>\n<p style=\"font-weight: 400;\">I en tid d\u00e4r komplexiteten i projekt \u00f6kar och kraven p\u00e5 transparens, effektivitet och strategisk samordning blir\u00a0allt mer\u00a0centrala, framtr\u00e4der projektkontoret som en nyckelfunktion i moderna organisationer. Ett <a href='https:\/\/projektkontoret.se\/pmo-i-svenska-myndigheter\/'>projektkontor (PMO) \u00e4r inte enbart en administrativ enhet \u2013<\/a> det \u00e4r en strategisk resurs som st\u00f6djer ledning, styrning och genomf\u00f6rande av projekt i linje med organisationens \u00f6vergripande m\u00e5l. Denna rapport belyser hur projektkontoret kan till\u00e4mpas och skapa v\u00e4rde beroende p\u00e5 vilken roll l\u00e4saren har i organisationen.<\/p>\n<h4 style=\"font-weight: 400;\"><strong>Projektkontoret f\u00f6r styrelsen i styrelsearbetet<\/strong><\/h4>\n<p style=\"font-weight: 400;\">F\u00f6r <a href='https:\/\/projektkontoret.se\/pmo-for-styrelsen\/'>styrelsen utg\u00f6r projektkontoret ett viktigt verktyg f\u00f6r<\/a> att s\u00e4kerst\u00e4lla att projektportf\u00f6ljen \u00e4r i linje med organisationens strategiska inriktning. Genom att tillhandah\u00e5lla strukturerad rapportering, riskbed\u00f6mning och uppf\u00f6ljning av projektresultat ger\u00a0PMO:n\u00a0styrelsen ett faktabaserat underlag f\u00f6r beslut. Det m\u00f6jligg\u00f6r en \u00f6kad insyn i projektens status, resursanv\u00e4ndning och m\u00e5luppfyllelse, vilket st\u00e4rker styrelsens f\u00f6rm\u00e5ga att ut\u00f6va sitt ansvar och fatta v\u00e4lgrundade beslut.<br \/>\nL\u00e4ser mer om PMO f\u00f6r styrelsen h\u00e4r: <a href=\"https:\/\/projektkontoret.se\/sv\/projektkontoret-for-styrelsen\/\">Projektkontoret f\u00f6r styrelsen &#8211; Projektkontoret<\/a> samt h\u00e4r: <a href=\"https:\/\/projektkontoret.se\/sv\/pmo-styrelsen-exempel\/\">Projektkontoret f\u00f6r styrelsen \u2013 exempel &#8211; Projektkontoret<\/a><\/p>\n<h4 style=\"font-weight: 400;\"><strong>Projektkontoret f\u00f6r myndighet, kommun, kommunala bolag eller region<\/strong><\/h4>\n<p style=\"font-weight: 400;\">Inom offentlig sektor \u00e4r projekt ofta kopplade till samh\u00e4llsutveckling, v\u00e4lf\u00e4rdstj\u00e4nster och l\u00e5ngsiktiga investeringar. H\u00e4r fungerar projektkontoret som en samordnande och kvalitetss\u00e4krande funktion som bidrar till att projekt drivs enligt lagar, riktlinjer och politiska m\u00e5l.\u00a0PMO:n\u00a0kan st\u00f6dja enhetlig metodik, kompetensutveckling och erfarenhets\u00e5terf\u00f6ring mellan olika f\u00f6rvaltningar och bolag. Genom att skapa struktur och transparens bidrar projektkontoret till \u00f6kad effektivitet, b\u00e4ttre resursanv\u00e4ndning och h\u00f6gre medborgarnytta.<br \/>\nL\u00e4s mer om PMO f\u00f6r myndighet, kommun, kommunala bolag eller region h\u00e4r: <a href=\"https:\/\/projektkontoret.se\/sv\/pmo-i-svenska-myndigheter\/\">Projektkontor (PMO) \u2013 En nyckelfunktion f\u00f6r effektivare projektledning i svenska myndigheter &#8211; Projektkontoret<\/a><\/p>\n<h4 style=\"font-weight: 400;\"><strong>F\u00f6rdelar med ett projektkontor i den egna organisationen<\/strong><\/h4>\n<p style=\"font-weight: 400;\">Att etablera ett projektkontor inneb\u00e4r att organisationen f\u00e5r ett nav f\u00f6r projektstyrning, kompetens och strategisk samordning. N\u00e5gra av de mest framtr\u00e4dande f\u00f6rdelarna \u00e4r:<\/p>\n<ul style=\"font-weight: 400;\">\n<li><strong>\u00d6kad kontroll och transparens<\/strong>: Genom gemensamma processer och rapporteringsrutiner f\u00e5r ledningen b\u00e4ttre \u00f6verblick \u00f6ver projektens status och risker.<\/li>\n<li><strong>Effektiv resursanv\u00e4ndning<\/strong>:\u00a0PMO:n\u00a0bidrar till att resurser f\u00f6rdelas d\u00e4r de g\u00f6r mest nytta, och att dubbelarbete undviks.<\/li>\n<li><strong>Kompetensutveckling och metodst\u00f6d<\/strong>: Projektkontoret erbjuder st\u00f6d i form av mallar, utbildning och r\u00e5dgivning, vilket h\u00f6jer kvaliteten i projektgenomf\u00f6randet.<\/li>\n<li><strong>Strategisk styrning<\/strong>: Genom att koppla projekt till organisationens m\u00e5l och visioner s\u00e4kerst\u00e4lls att r\u00e4tt projekt prioriteras och att de bidrar till l\u00e5ngsiktig utveckling.<\/li>\n<\/ul>\n<p style=\"font-weight: 400;\">\n","protected":false},"excerpt":{"rendered":"<p>Till\u00e4mpning av projektkontor (Project Management Office, PMO), anpassad f\u00f6r olika roller i den egna organisationen. Projektkontorets roll i styrning och utveckling I en tid d\u00e4r komplexiteten i projekt \u00f6kar och kraven p\u00e5 transparens, effektivitet och strategisk samordning blir\u00a0allt mer\u00a0centrala, framtr\u00e4der projektkontoret som en nyckelfunktion i moderna organisationer. Ett projektkontor (PMO) \u00e4r inte enbart en administrativ [&hellip;]<\/p>\n","protected":false},"author":2,"featured_media":0,"parent":45,"menu_order":0,"comment_status":"closed","ping_status":"closed","template":"no-title","meta":{"om_disable_all_campaigns":false,"_monsterinsights_skip_tracking":false,"_monsterinsights_sitenote_active":false,"_monsterinsights_sitenote_note":"","_monsterinsights_sitenote_category":0,"footnotes":""},"class_list":["post-218","page","type-page","status-publish","hentry"],"aioseo_notices":[],"aioseo_head":"\n\t\t<!-- All in One SEO Pro 4.9.6.2 - aioseo.com -->\n\t<meta name=\"description\" content=\"Utforska f\u00f6rdelarna med att etablera ett projektkontor, inklusive \u00f6kad kontroll, kompetensutveckling och b\u00e4ttre projektstyrning f\u00f6r din organisation.\" \/>\n\t<meta name=\"robots\" content=\"max-image-preview:large\" \/>\n\t<meta name=\"msvalidate.01\" content=\"s\" \/>\n\t<link rel=\"canonical\" href=\"https:\/\/projektkontoret.se\/sv\/start\/pmo-din-roll\/\" \/>\n\t<meta name=\"generator\" content=\"All in One SEO Pro (AIOSEO) 4.9.6.2\" \/>\n\t\t<meta property=\"og:locale\" content=\"sv_SE\" \/>\n\t\t<meta property=\"og:site_name\" content=\"Projektkontoret | PMO - d\u00e4r strategi m\u00f6ter struktur\" \/>\n\t\t<meta property=\"og:type\" content=\"article\" \/>\n\t\t<meta property=\"og:title\" content=\"Projektkontoret (PMO) anpassat f\u00f6r din roll\" \/>\n\t\t<meta property=\"og:description\" content=\"Utforska f\u00f6rdelarna med att etablera ett projektkontor, inklusive \u00f6kad kontroll, kompetensutveckling och b\u00e4ttre projektstyrning f\u00f6r din organisation.\" \/>\n\t\t<meta property=\"og:url\" content=\"https:\/\/projektkontoret.se\/sv\/start\/pmo-din-roll\/\" \/>\n\t\t<meta property=\"article:published_time\" content=\"2025-10-05T14:49:20+00:00\" \/>\n\t\t<meta property=\"article:modified_time\" content=\"2025-10-21T16:47:54+00:00\" \/>\n\t\t<meta name=\"twitter:card\" content=\"summary_large_image\" \/>\n\t\t<meta name=\"twitter:title\" content=\"Projektkontoret (PMO) anpassat f\u00f6r din roll\" \/>\n\t\t<meta name=\"twitter:description\" content=\"Utforska f\u00f6rdelarna med att etablera ett projektkontor, inklusive \u00f6kad kontroll, kompetensutveckling och b\u00e4ttre projektstyrning f\u00f6r din organisation.\" \/>\n\t\t<script type=\"application\/ld+json\" class=\"aioseo-schema\">\n\t\t\t{\"@context\":\"https:\\\/\\\/schema.org\",\"@graph\":[{\"@type\":\"BreadcrumbList\",\"@id\":\"https:\\\/\\\/projektkontoret.se\\\/sv\\\/start\\\/pmo-din-roll\\\/#breadcrumblist\",\"itemListElement\":[{\"@type\":\"ListItem\",\"@id\":\"https:\\\/\\\/projektkontoret.se\\\/sv#listItem\",\"position\":1,\"name\":\"start\",\"item\":\"https:\\\/\\\/projektkontoret.se\\\/sv\",\"nextItem\":{\"@type\":\"ListItem\",\"@id\":\"https:\\\/\\\/projektkontoret.se\\\/sv\\\/start\\\/pmo-din-roll\\\/#listItem\",\"name\":\"PMO f\\u00f6r din roll\"}},{\"@type\":\"ListItem\",\"@id\":\"https:\\\/\\\/projektkontoret.se\\\/sv\\\/start\\\/pmo-din-roll\\\/#listItem\",\"position\":2,\"name\":\"PMO f\\u00f6r din roll\",\"previousItem\":{\"@type\":\"ListItem\",\"@id\":\"https:\\\/\\\/projektkontoret.se\\\/sv#listItem\",\"name\":\"start\"}}]},{\"@type\":\"Organization\",\"@id\":\"https:\\\/\\\/projektkontoret.se\\\/sv\\\/#organization\",\"name\":\"Projektkontoret\",\"description\":\"PMO - d\\u00e4r strategi m\\u00f6ter struktur\",\"url\":\"https:\\\/\\\/projektkontoret.se\\\/sv\\\/\",\"email\":\"rolf@dandelin.se\",\"telephone\":\"+46859252200\",\"numberOfEmployees\":{\"@type\":\"QuantitativeValue\",\"value\":2},\"logo\":{\"@type\":\"ImageObject\",\"url\":\"https:\\\/\\\/projektkontoret.se\\\/wp-content\\\/uploads\\\/2025\\\/10\\\/Projektkontoret_SE-3.png\",\"@id\":\"https:\\\/\\\/projektkontoret.se\\\/sv\\\/start\\\/pmo-din-roll\\\/#organizationLogo\",\"width\":696,\"height\":605,\"caption\":\"Projektkontoret - PMO - logotype svenska\"},\"image\":{\"@id\":\"https:\\\/\\\/projektkontoret.se\\\/sv\\\/start\\\/pmo-din-roll\\\/#organizationLogo\"},\"sameAs\":[\"https:\\\/\\\/www.linkedin.com\\\/company\\\/projektkontoret-pmo\\\/\"],\"address\":{\"@id\":\"https:\\\/\\\/projektkontoret.se\\\/sv\\\/#postaladdress\",\"@type\":\"PostalAddress\",\"streetAddress\":\"V\\u00e4stra J\\u00e4rnv\\u00e4gsgatan 3, 9 tr,\",\"postalCode\":\"11164\",\"addressLocality\":\"Stockholm\",\"addressCountry\":\"SE\"}},{\"@type\":\"WebPage\",\"@id\":\"https:\\\/\\\/projektkontoret.se\\\/sv\\\/start\\\/pmo-din-roll\\\/#webpage\",\"url\":\"https:\\\/\\\/projektkontoret.se\\\/sv\\\/start\\\/pmo-din-roll\\\/\",\"name\":\"Projektkontoret (PMO) anpassat f\\u00f6r din roll\",\"description\":\"Utforska f\\u00f6rdelarna med att etablera ett projektkontor, inklusive \\u00f6kad kontroll, kompetensutveckling och b\\u00e4ttre projektstyrning f\\u00f6r din organisation.\",\"inLanguage\":\"sv-SE\",\"isPartOf\":{\"@id\":\"https:\\\/\\\/projektkontoret.se\\\/sv\\\/#website\"},\"breadcrumb\":{\"@id\":\"https:\\\/\\\/projektkontoret.se\\\/sv\\\/start\\\/pmo-din-roll\\\/#breadcrumblist\"},\"datePublished\":\"2025-10-05T16:49:20+02:00\",\"dateModified\":\"2025-10-21T18:47:54+02:00\"},{\"@type\":\"WebSite\",\"@id\":\"https:\\\/\\\/projektkontoret.se\\\/sv\\\/#website\",\"url\":\"https:\\\/\\\/projektkontoret.se\\\/sv\\\/\",\"name\":\"Projektkontoret\",\"description\":\"PMO - d\\u00e4r strategi m\\u00f6ter struktur\",\"inLanguage\":\"sv-SE\",\"publisher\":{\"@id\":\"https:\\\/\\\/projektkontoret.se\\\/sv\\\/#organization\"}}]}\n\t\t<\/script>\n\t\t<!-- All in One SEO Pro -->\r\n\t\t<title>Projektkontoret (PMO) anpassat f\u00f6r din roll<\/title>\n\n","aioseo_head_json":{"title":"Projektkontoret (PMO) anpassat f\u00f6r din roll","description":"Utforska f\u00f6rdelarna med att etablera ett projektkontor, inklusive \u00f6kad kontroll, kompetensutveckling och b\u00e4ttre projektstyrning f\u00f6r din organisation.","canonical_url":"https:\/\/projektkontoret.se\/sv\/start\/pmo-din-roll\/","robots":"max-image-preview:large","keywords":"","webmasterTools":{"msvalidate.01":"s","miscellaneous":""},"schema":{"@context":"https:\/\/schema.org","@graph":[{"@type":"BreadcrumbList","@id":"https:\/\/projektkontoret.se\/sv\/start\/pmo-din-roll\/#breadcrumblist","itemListElement":[{"@type":"ListItem","@id":"https:\/\/projektkontoret.se\/sv#listItem","position":1,"name":"start","item":"https:\/\/projektkontoret.se\/sv","nextItem":{"@type":"ListItem","@id":"https:\/\/projektkontoret.se\/sv\/start\/pmo-din-roll\/#listItem","name":"PMO f\u00f6r din roll"}},{"@type":"ListItem","@id":"https:\/\/projektkontoret.se\/sv\/start\/pmo-din-roll\/#listItem","position":2,"name":"PMO f\u00f6r din roll","previousItem":{"@type":"ListItem","@id":"https:\/\/projektkontoret.se\/sv#listItem","name":"start"}}]},{"@type":"Organization","@id":"https:\/\/projektkontoret.se\/sv\/#organization","name":"Projektkontoret","description":"PMO - d\u00e4r strategi m\u00f6ter struktur","url":"https:\/\/projektkontoret.se\/sv\/","email":"rolf@dandelin.se","telephone":"+46859252200","numberOfEmployees":{"@type":"QuantitativeValue","value":2},"logo":{"@type":"ImageObject","url":"https:\/\/projektkontoret.se\/wp-content\/uploads\/2025\/10\/Projektkontoret_SE-3.png","@id":"https:\/\/projektkontoret.se\/sv\/start\/pmo-din-roll\/#organizationLogo","width":696,"height":605,"caption":"Projektkontoret - PMO - logotype svenska"},"image":{"@id":"https:\/\/projektkontoret.se\/sv\/start\/pmo-din-roll\/#organizationLogo"},"sameAs":["https:\/\/www.linkedin.com\/company\/projektkontoret-pmo\/"],"address":{"@id":"https:\/\/projektkontoret.se\/sv\/#postaladdress","@type":"PostalAddress","streetAddress":"V\u00e4stra J\u00e4rnv\u00e4gsgatan 3, 9 tr,","postalCode":"11164","addressLocality":"Stockholm","addressCountry":"SE"}},{"@type":"WebPage","@id":"https:\/\/projektkontoret.se\/sv\/start\/pmo-din-roll\/#webpage","url":"https:\/\/projektkontoret.se\/sv\/start\/pmo-din-roll\/","name":"Projektkontoret (PMO) anpassat f\u00f6r din roll","description":"Utforska f\u00f6rdelarna med att etablera ett projektkontor, inklusive \u00f6kad kontroll, kompetensutveckling och b\u00e4ttre projektstyrning f\u00f6r din organisation.","inLanguage":"sv-SE","isPartOf":{"@id":"https:\/\/projektkontoret.se\/sv\/#website"},"breadcrumb":{"@id":"https:\/\/projektkontoret.se\/sv\/start\/pmo-din-roll\/#breadcrumblist"},"datePublished":"2025-10-05T16:49:20+02:00","dateModified":"2025-10-21T18:47:54+02:00"},{"@type":"WebSite","@id":"https:\/\/projektkontoret.se\/sv\/#website","url":"https:\/\/projektkontoret.se\/sv\/","name":"Projektkontoret","description":"PMO - d\u00e4r strategi m\u00f6ter struktur","inLanguage":"sv-SE","publisher":{"@id":"https:\/\/projektkontoret.se\/sv\/#organization"}}]},"og:locale":"sv_SE","og:site_name":"Projektkontoret | PMO - d\u00e4r strategi m\u00f6ter struktur","og:type":"article","og:title":"Projektkontoret (PMO) anpassat f\u00f6r din roll","og:description":"Utforska f\u00f6rdelarna med att etablera ett projektkontor, inklusive \u00f6kad kontroll, kompetensutveckling och b\u00e4ttre projektstyrning f\u00f6r din organisation.","og:url":"https:\/\/projektkontoret.se\/sv\/start\/pmo-din-roll\/","article:published_time":"2025-10-05T14:49:20+00:00","article:modified_time":"2025-10-21T16:47:54+00:00","twitter:card":"summary_large_image","twitter:title":"Projektkontoret (PMO) anpassat f\u00f6r din roll","twitter:description":"Utforska f\u00f6rdelarna med att etablera ett projektkontor, inklusive \u00f6kad kontroll, kompetensutveckling och b\u00e4ttre projektstyrning f\u00f6r din organisation."},"aioseo_meta_data":{"post_id":"218","title":"Projektkontoret (PMO) anpassat f\u00f6r din roll","description":"Utforska f\u00f6rdelarna med att etablera ett projektkontor, inklusive \u00f6kad kontroll, kompetensutveckling och b\u00e4ttre projektstyrning f\u00f6r din organisation.","keywords":null,"keyphrases":{"focus":{"keyphrase":"","score":0,"analysis":{"keyphraseInTitle":{"score":0,"maxScore":9,"error":1}}},"additional":[]},"primary_term":null,"canonical_url":null,"og_title":null,"og_description":null,"og_object_type":"default","og_image_type":"default","og_image_url":null,"og_image_width":null,"og_image_height":null,"og_image_custom_url":null,"og_image_custom_fields":null,"og_video":"","og_custom_url":null,"og_article_section":null,"og_article_tags":null,"twitter_use_og":false,"twitter_card":"default","twitter_image_type":"default","twitter_image_url":null,"twitter_image_custom_url":null,"twitter_image_custom_fields":null,"twitter_title":null,"twitter_description":null,"schema":{"blockGraphs":[],"customGraphs":[],"default":{"data":{"Article":[],"Course":[],"Dataset":[],"FAQPage":[],"Movie":[],"Person":[],"Product":[],"ProductReview":[],"Car":[],"Recipe":[],"Service":[],"SoftwareApplication":[],"WebPage":[]},"graphName":"WebPage","isEnabled":true},"graphs":[]},"schema_type":"default","schema_type_options":null,"pillar_content":false,"robots_default":true,"robots_noindex":false,"robots_noarchive":false,"robots_nosnippet":false,"robots_nofollow":false,"robots_noimageindex":false,"robots_noodp":false,"robots_notranslate":false,"robots_max_snippet":"-1","robots_max_videopreview":"-1","robots_max_imagepreview":"large","priority":null,"frequency":"default","local_seo":null,"seo_analyzer_scan_date":"2025-10-21 16:59:43","breadcrumb_settings":null,"limit_modified_date":false,"reviewed_by":null,"open_ai":null,"ai":{"faqs":[],"keyPoints":[],"titles":[],"descriptions":["Uppt\u00e4ck hur ett projektkontor (PMO) kan st\u00e4rka din organisation genom strategisk styrning, \u00f6kad transparens och effektiv resursanv\u00e4ndning.","L\u00e4r dig hur PMO:n st\u00f6djer ledning och styrning i projekt, f\u00f6rb\u00e4ttrar resursallokering och bidrar till l\u00e5ngsiktig utveckling i din organisation.","Utforska f\u00f6rdelarna med att etablera ett projektkontor, inklusive \u00f6kad kontroll, kompetensutveckling och b\u00e4ttre projektstyrning f\u00f6r din organisation.","Se hur ett PMO kan bli en nyckelfunktion f\u00f6r att samordna och kvalitetss\u00e4kra projekt inom offentlig sektor och organisationer.","F\u00e5 insikter om hur projektkontoret st\u00e4rker beslutsunderlaget f\u00f6r styrelsen och bidrar till att projekt linjer organisationens strategiska m\u00e5l."],"socialPosts":{"email":[],"linkedin":[],"twitter":[],"facebook":[],"instagram":[]}},"created":"2025-10-14 14:49:07","updated":"2025-10-21 20:24:28"},"aioseo_breadcrumb":"<div class=\"aioseo-breadcrumbs\"><span class=\"aioseo-breadcrumb\">\n\t<a href=\"https:\/\/projektkontoret.se\/sv\" title=\"start\">start<\/a>\n<\/span><span class=\"aioseo-breadcrumb-separator\">\u203a<\/span><span class=\"aioseo-breadcrumb\">\n\tPMO f\u00f6r din roll\n<\/span><\/div>","aioseo_breadcrumb_json":[{"label":"start","link":"https:\/\/projektkontoret.se\/sv"},{"label":"PMO f\u00f6r din roll","link":"https:\/\/projektkontoret.se\/sv\/start\/pmo-din-roll\/"}],"_links":{"self":[{"href":"https:\/\/projektkontoret.se\/sv\/wp-json\/wp\/v2\/pages\/218","targetHints":{"allow":["GET"]}}],"collection":[{"href":"https:\/\/projektkontoret.se\/sv\/wp-json\/wp\/v2\/pages"}],"about":[{"href":"https:\/\/projektkontoret.se\/sv\/wp-json\/wp\/v2\/types\/page"}],"author":[{"embeddable":true,"href":"https:\/\/projektkontoret.se\/sv\/wp-json\/wp\/v2\/users\/2"}],"replies":[{"embeddable":true,"href":"https:\/\/projektkontoret.se\/sv\/wp-json\/wp\/v2\/comments?post=218"}],"version-history":[{"count":0,"href":"https:\/\/projektkontoret.se\/sv\/wp-json\/wp\/v2\/pages\/218\/revisions"}],"up":[{"embeddable":true,"href":"https:\/\/projektkontoret.se\/sv\/wp-json\/wp\/v2\/pages\/45"}],"wp:attachment":[{"href":"https:\/\/projektkontoret.se\/sv\/wp-json\/wp\/v2\/media?parent=218"}],"curies":[{"name":"wp","href":"https:\/\/api.w.org\/{rel}","templated":true}]}}